{"id":4495,"date":"2024-02-02T11:53:48","date_gmt":"2024-02-02T10:53:48","guid":{"rendered":"https:\/\/www.carlosgarciadesign.com\/politica-de-cookies\/"},"modified":"2024-05-15T14:01:13","modified_gmt":"2024-05-15T12:01:13","slug":"cookies-policy","status":"publish","type":"page","link":"https:\/\/www.carlosgarciadesign.com\/en\/cookies-policy\/","title":{"rendered":"Cookies policy"},"content":{"rendered":"<div class=\"fusion-fullwidth fullwidth-box fusion-builder-row-1 fusion-flex-container nonhundred-percent-fullwidth non-hundred-percent-height-scrolling\" style=\"--awb-border-radius-top-left:0px;--awb-border-radius-top-right:0px;--awb-border-radius-bottom-right:0px;--awb-border-radius-bottom-left:0px;--awb-padding-top:200px;--awb-padding-right:200px;--awb-padding-left:200px;--awb-flex-wrap:wrap;\" ><div class=\"fusion-builder-row fusion-row fusion-flex-align-items-flex-start fusion-flex-content-wrap\" style=\"max-width:83.2%;margin-left: calc(-4% \/ 2 );margin-right: calc(-4% \/ 2 );\"><div class=\"fusion-layout-column fusion_builder_column fusion-builder-column-0 fusion_builder_column_1_1 1_1 fusion-flex-column\" style=\"--awb-bg-blend:overlay;--awb-bg-size:cover;--awb-width-large:100%;--awb-margin-top-large:0px;--awb-spacing-right-large:1.92%;--awb-margin-bottom-large:0px;--awb-spacing-left-large:1.92%;--awb-width-medium:100%;--awb-order-medium:0;--awb-spacing-right-medium:1.92%;--awb-spacing-left-medium:1.92%;--awb-width-small:100%;--awb-order-small:0;--awb-spacing-right-small:1.92%;--awb-spacing-left-small:1.92%;\" data-scroll-devices=\"small-visibility,medium-visibility,large-visibility\"><div class=\"fusion-column-wrapper fusion-column-has-shadow fusion-flex-justify-content-flex-start fusion-content-layout-column\"><div class=\"fusion-text fusion-text-1\" style=\"--awb-font-size:21px;--awb-line-height:1.7;--awb-text-font-family:&quot;Space Grotesk&quot;;--awb-text-font-style:normal;--awb-text-font-weight:400;\"><\/p>\n<p><strong>Cookies policy<\/strong><\/p>\n<p>This cookie policy was last updated on 10\/23\/2023 and applies to citizens and permanent legal residents of the European Economic Area and Switzerland.<\/p>\n<p><strong>1. Introduction<\/strong><\/p>\n<p>Our website, https:\/\/carlosgarciadesign.com (hereinafter: &#8220;the Website&#8221;) uses cookies and other related technologies (for convenience, all technologies are referred to as &#8220;cookies&#8221;). Cookies are also placed by third parties with whom we have contracted. In the following document we inform you about the use of cookies on our website.<\/p>\n<p><strong>2. What are cookies?<\/strong><\/p>\n<p>A cookie is a small file that is sent along with the pages of this website and stored by your browser on the hard drive of your computer or other device. The stored information may be returned to our servers or to appropriate third party servers during a subsequent visit.<\/p>\n<p><strong>3. What are scripts?<\/strong><\/p>\n<p>A script is a piece of program code that is used to make our website work correctly and interactively. This code runs on our server or on your device.<\/p>\n<p><strong>4. What is a web beacon?<\/strong><\/p>\n<p>A web beacon (or pixel tag) is a small, invisible piece of text or image on a website that is used to monitor traffic on a website. To do this, various data about you is stored by these web beacons.<\/p>\n<p><strong>5. Cookies<\/strong><\/p>\n<p>5.1 Technical or functional cookies<\/p>\n<p>Some cookies ensure that certain parts of the website work properly and that your user preferences continue to be remembered. By placing functional cookies, we make it easier for you to visit our website. In this way, you do not need to repeatedly enter the same information when you visit our website and, for example, items remain in your shopping cart until you have paid. We may place these cookies without your consent.<\/p>\n<p>5.2 Statistical cookies<\/p>\n<p>We use statistical cookies to optimize the website experience for our users. With these statistics cookies we obtain information about the use of our website. We ask your permission to place statistical cookies.<\/p>\n<p>5.3 Marketing\/Tracking Cookies<\/p>\n<p>Marketing\/tracking cookies are cookies, or any other form of local storage, used to create user profiles to display advertising or to track the user on this website or various websites for similar marketing purpose<\/p>\n<p><em>5.4 Redes sociales<\/em><\/p>\n<p>En nuestra web hemos incluido contenido de Twitter, LinkedIn, WhatsApp y Instagram para promover p\u00e1ginas web (p.ej.: \u00abMe gusta\u00bb, \u00abPinear\u00bb) o compartir (p.ej.: \u00abtuitear\u00bb) en redes sociales como Twitter, LinkedIn, WhatsApp y Instagram. Este contenido est\u00e1 incrustado con c\u00f3digo derivado de Twitter, LinkedIn, WhatsApp y Instagram y guarda cookies. Este contenido podr\u00eda procesar cierta informaci\u00f3n para anuncios personalizados.<\/p>\n<p>Por favor lea la pol\u00edtica de privacidad de estas redes sociales (que puede cambiar frecuentemente) para saber que hacen con sus datos (personales) que procesan usando estas cookies. Los datos que reciben son anonimizados lo m\u00e1ximo posible. Twitter, LinkedIn, WhatsApp y Instagram est\u00e1n ubicados en los Estados Unidos.<\/p>\n<p><strong>6. Cookies used<\/strong><br \/>Google Maps<\/p>\n<p>Marketing<br \/>Consent to service google-maps<br \/>Twitter<\/p>\n<p>Functional, Marketing<br \/>Consent to service twitter<br \/>LinkedIn<\/p>\n<p>Functional, Marketing, Statistics, Preferences<br \/>Consent to service linkedin<br \/>WhatsApp<\/p>\n<p>Functional<br \/>Consent to service whatsapp<br \/>Various<\/p>\n<p>Purpose pending investigation<br \/>Consent to service miscellaneous<\/p>\n<p><strong>7. Consent<\/strong><\/p>\n<p>When you visit our website for the first time, we will show you a pop-up window with an explanation about cookies. As soon as you click &#8220;Accept&#8221;, you agree to our use of all cookies and plugins as described in the pop-up window and in this cookie policy. You can disable the use of cookies through your browser, but please note that our website may stop working properly.<\/p>\n<p>7.1 Manage your consent settings<br \/>We have received a privacy signal from your browser. For this reason, we have set your privacy settings on this website to what is strictly necessary. If you want to have full functionality, please consider excluding https:\/\/carlosgarciadesign.com.com from your privacy settings.<\/p>\n<p><strong>8. Enabling\/disabling and deleting cookies<\/strong><\/p>\n<p>You can use your Internet browser to delete cookies automatically or manually. You can also specify that certain cookies cannot be placed. Another option is to change your Internet browser settings so that you receive a message each time a cookie is placed. For more information on these options, please refer to the instructions in the &#8220;Help&#8221; section of your browser.<\/p>\n<p>Please note that our website may not function properly if all cookies are disabled. If you delete cookies from your browser, they will be placed again after your consent when you revisit our websites<\/p>\n<p><strong>9. Your rights with respect to personal data<\/strong><\/p>\n<p>You have the following rights with respect to your personal data:<\/p>\n<p>You have the right to know why your personal data is needed, what will happen to it and how long it will be kept.<br \/>Right of access: you have the right to access your personal data that we know about you.<br \/>Right of rectification: You have the right to complete, rectify, delete or block your personal data whenever you wish.<br \/>If you give us your consent to process your data, you have the right to revoke such consent and to have your personal data deleted.<br \/>Right to transfer your data: you have the right to request all your personal data from the data controller and to transfer it in full to another data controller.<br \/>Right to object: you can object to the processing of your data. We comply with this, unless there are justified grounds for the processing.<\/p>\n<p>To exercise these rights, please contact us. Please see the contact details at the bottom of this cookie policy. If you have any complaints about how we handle your data, we would like to hear from you, but you also have the right to send a complaint to the supervisory authority (the data protection authority).<\/p>\n<p><strong>10. Contact information<\/strong><\/p>\n<p>For questions and\/or comments about our cookie policy and this statement, please contact us using the following contact details:<\/p>\n<p>Carlos Garc\u00eda P\u00e9rez<br \/>Ortutxueta, 18 BB, Bilbao, 48006 Bizkaia, Spain<br \/>Web: https:\/\/carlosgarciadesign.com<br \/>Email: info@carlosgarciadesign.com<br \/>This cookie policy has been synchronized with cookiedatabase.org on 10\/23\/2023.<\/p>\n<p>&nbsp;<\/p>\n<p>&nbsp;<\/p><\/p>\n<\/div><\/div><\/div><\/div><\/div>","protected":false},"excerpt":{"rendered":"","protected":false},"author":1,"featured_media":0,"parent":0,"menu_order":0,"comment_status":"closed","ping_status":"closed","template":"","meta":{"footnotes":""},"class_list":["post-4495","page","type-page","status-publish","hentry"],"yoast_head":"<!-- This site is optimized with the Yoast SEO plugin v22.0 - https:\/\/yoast.com\/wordpress\/plugins\/seo\/ -->\n<title>Cookies policy - Carlos Garc\u00eda Design<\/title>\n<meta name=\"robots\" content=\"index, follow, max-snippet:-1, max-image-preview:large, max-video-preview:-1\" \/>\n<link rel=\"canonical\" href=\"https:\/\/www.carlosgarciadesign.com\/en\/cookies-policy\/\" \/>\n<meta property=\"og:locale\" content=\"en_US\" \/>\n<meta property=\"og:type\" content=\"article\" \/>\n<meta property=\"og:title\" content=\"Cookies policy - Carlos Garc\u00eda Design\" \/>\n<meta property=\"og:url\" content=\"https:\/\/www.carlosgarciadesign.com\/en\/cookies-policy\/\" \/>\n<meta property=\"og:site_name\" content=\"Carlos Garc\u00eda Design\" \/>\n<meta property=\"article:modified_time\" content=\"2024-05-15T12:01:13+00:00\" \/>\n<meta name=\"twitter:card\" content=\"summary_large_image\" \/>\n<meta name=\"twitter:label1\" content=\"Est. reading time\" \/>\n\t<meta name=\"twitter:data1\" content=\"5 minutes\" \/>\n<script type=\"application\/ld+json\" class=\"yoast-schema-graph\">{\"@context\":\"https:\/\/schema.org\",\"@graph\":[{\"@type\":\"WebPage\",\"@id\":\"https:\/\/www.carlosgarciadesign.com\/en\/cookies-policy\/\",\"url\":\"https:\/\/www.carlosgarciadesign.com\/en\/cookies-policy\/\",\"name\":\"Cookies policy - Carlos Garc\u00eda Design\",\"isPartOf\":{\"@id\":\"https:\/\/www.carlosgarciadesign.com\/#website\"},\"datePublished\":\"2024-02-02T10:53:48+00:00\",\"dateModified\":\"2024-05-15T12:01:13+00:00\",\"breadcrumb\":{\"@id\":\"https:\/\/www.carlosgarciadesign.com\/en\/cookies-policy\/#breadcrumb\"},\"inLanguage\":\"en-US\",\"potentialAction\":[{\"@type\":\"ReadAction\",\"target\":[\"https:\/\/www.carlosgarciadesign.com\/en\/cookies-policy\/\"]}]},{\"@type\":\"BreadcrumbList\",\"@id\":\"https:\/\/www.carlosgarciadesign.com\/en\/cookies-policy\/#breadcrumb\",\"itemListElement\":[{\"@type\":\"ListItem\",\"position\":1,\"name\":\"Portada\",\"item\":\"https:\/\/www.carlosgarciadesign.com\/en\/\"},{\"@type\":\"ListItem\",\"position\":2,\"name\":\"Cookies policy\"}]},{\"@type\":\"WebSite\",\"@id\":\"https:\/\/www.carlosgarciadesign.com\/#website\",\"url\":\"https:\/\/www.carlosgarciadesign.com\/\",\"name\":\"Carlos Garc\u00eda Design\",\"description\":\"\",\"potentialAction\":[{\"@type\":\"SearchAction\",\"target\":{\"@type\":\"EntryPoint\",\"urlTemplate\":\"https:\/\/www.carlosgarciadesign.com\/?s={search_term_string}\"},\"query-input\":\"required name=search_term_string\"}],\"inLanguage\":\"en-US\"}]}<\/script>\n<!-- \/ Yoast SEO plugin. -->","yoast_head_json":{"title":"Cookies policy - Carlos Garc\u00eda Design","robots":{"index":"index","follow":"follow","max-snippet":"max-snippet:-1","max-image-preview":"max-image-preview:large","max-video-preview":"max-video-preview:-1"},"canonical":"https:\/\/www.carlosgarciadesign.com\/en\/cookies-policy\/","og_locale":"en_US","og_type":"article","og_title":"Cookies policy - Carlos Garc\u00eda Design","og_url":"https:\/\/www.carlosgarciadesign.com\/en\/cookies-policy\/","og_site_name":"Carlos Garc\u00eda Design","article_modified_time":"2024-05-15T12:01:13+00:00","twitter_card":"summary_large_image","twitter_misc":{"Est. reading time":"5 minutes"},"schema":{"@context":"https:\/\/schema.org","@graph":[{"@type":"WebPage","@id":"https:\/\/www.carlosgarciadesign.com\/en\/cookies-policy\/","url":"https:\/\/www.carlosgarciadesign.com\/en\/cookies-policy\/","name":"Cookies policy - Carlos Garc\u00eda Design","isPartOf":{"@id":"https:\/\/www.carlosgarciadesign.com\/#website"},"datePublished":"2024-02-02T10:53:48+00:00","dateModified":"2024-05-15T12:01:13+00:00","breadcrumb":{"@id":"https:\/\/www.carlosgarciadesign.com\/en\/cookies-policy\/#breadcrumb"},"inLanguage":"en-US","potentialAction":[{"@type":"ReadAction","target":["https:\/\/www.carlosgarciadesign.com\/en\/cookies-policy\/"]}]},{"@type":"BreadcrumbList","@id":"https:\/\/www.carlosgarciadesign.com\/en\/cookies-policy\/#breadcrumb","itemListElement":[{"@type":"ListItem","position":1,"name":"Portada","item":"https:\/\/www.carlosgarciadesign.com\/en\/"},{"@type":"ListItem","position":2,"name":"Cookies policy"}]},{"@type":"WebSite","@id":"https:\/\/www.carlosgarciadesign.com\/#website","url":"https:\/\/www.carlosgarciadesign.com\/","name":"Carlos Garc\u00eda Design","description":"","potentialAction":[{"@type":"SearchAction","target":{"@type":"EntryPoint","urlTemplate":"https:\/\/www.carlosgarciadesign.com\/?s={search_term_string}"},"query-input":"required name=search_term_string"}],"inLanguage":"en-US"}]}},"_links":{"self":[{"href":"https:\/\/www.carlosgarciadesign.com\/en\/wp-json\/wp\/v2\/pages\/4495","targetHints":{"allow":["GET"]}}],"collection":[{"href":"https:\/\/www.carlosgarciadesign.com\/en\/wp-json\/wp\/v2\/pages"}],"about":[{"href":"https:\/\/www.carlosgarciadesign.com\/en\/wp-json\/wp\/v2\/types\/page"}],"author":[{"embeddable":true,"href":"https:\/\/www.carlosgarciadesign.com\/en\/wp-json\/wp\/v2\/users\/1"}],"replies":[{"embeddable":true,"href":"https:\/\/www.carlosgarciadesign.com\/en\/wp-json\/wp\/v2\/comments?post=4495"}],"version-history":[{"count":5,"href":"https:\/\/www.carlosgarciadesign.com\/en\/wp-json\/wp\/v2\/pages\/4495\/revisions"}],"predecessor-version":[{"id":4650,"href":"https:\/\/www.carlosgarciadesign.com\/en\/wp-json\/wp\/v2\/pages\/4495\/revisions\/4650"}],"wp:attachment":[{"href":"https:\/\/www.carlosgarciadesign.com\/en\/wp-json\/wp\/v2\/media?parent=4495"}],"curies":[{"name":"wp","href":"https:\/\/api.w.org\/{rel}","templated":true}]}}